{"id":252,"date":"2026-04-16T19:02:44","date_gmt":"2026-04-16T19:02:44","guid":{"rendered":"https:\/\/infinityprestige-trade.com\/services\/"},"modified":"2026-04-16T19:03:13","modified_gmt":"2026-04-16T19:03:13","slug":"services","status":"publish","type":"page","link":"https:\/\/infinityprestige-trade.com\/en\/services\/","title":{"rendered":"Services"},"content":{"rendered":"<div class=\"wp-block-uagb-container uagb-block-e5972208 alignfull uagb-is-root-container\"><div class=\"uagb-container-inner-blocks-wrap\">\n<div class=\"wp-block-uagb-advanced-heading uagb-block-b371cc12\"><p class=\"uagb-desc-text\">Our Services<\/p><h1 class=\"uagb-heading-text\">Solutions d&rsquo;interm\u00e9diation commerciale B2B<\/h1><\/div>\n<\/div><\/div>\n\n\n\n<div class=\"wp-block-uagb-container uagb-block-edca4a69 alignfull uagb-is-root-container\"><div class=\"uagb-container-inner-blocks-wrap\">\n<div class=\"wp-block-uagb-container uagb-layout-grid uagb-block-53eeea40\">\n<div class=\"wp-block-uagb-container uagb-block-66ce8d2d\">\n<div class=\"wp-block-uagb-info-box uagb-block-68e6db93 uagb-infobox__content-wrap  uagb-infobox-icon-above-title uagb-infobox-image-valign-top\"><div class=\"uagb-ifb-content\"><div class=\"uagb-ifb-title-wrap\"><span class=\"uagb-ifb-title-prefix\">01.<\/span><h2 class=\"uagb-ifb-title\">Commercial Intermediation<\/h2><\/div><p class=\"uagb-ifb-desc\">Nous offrons des services d&rsquo;interm\u00e9diation commerciale B2B qui connectent efficacement les fournisseurs europ\u00e9ens avec les march\u00e9s russes via notre hub marocain. Notre expertise garantit des \u00e9changes fluides et conformes aux normes internationales, favorisant des partenariats strat\u00e9giques durables.<\/p><\/div><\/div>\n<\/div>\n\n\n\n<div class=\"wp-block-uagb-image uagb-block-185affb3 wp-block-uagb-image--layout-default wp-block-uagb-image--effect-static wp-block-uagb-image--align-none\"><figure class=\"wp-block-uagb-image__figure\"><img decoding=\"async\" srcset=\"https:\/\/infinityprestige-trade.com\/wp-content\/uploads\/2026\/04\/pexels-photo-6077983.jpeg ,https:\/\/infinityprestige-trade.com\/wp-content\/uploads\/2026\/04\/pexels-photo-6077983.jpeg 780w, https:\/\/infinityprestige-trade.com\/wp-content\/uploads\/2026\/04\/pexels-photo-6077983.jpeg 360w\" sizes=\"auto, (max-width: 480px) 150px\" src=\"https:\/\/infinityprestige-trade.com\/wp-content\/uploads\/2026\/04\/pexels-photo-6077983.jpeg\" alt=\"Overhead view of a professional handshake over a laptop, symbolizing business agreement.\" class=\"uag-image-11\" width=\"600\" height=\"400\" title=\"services-01\" loading=\"lazy\" role=\"img\"\/><\/figure><\/div>\n<\/div>\n\n\n\n<div class=\"wp-block-uagb-container uagb-layout-grid uagb-block-b255260d\">\n<div class=\"wp-block-uagb-image uagb-block-b86a27d4 wp-block-uagb-image--layout-default wp-block-uagb-image--effect-static wp-block-uagb-image--align-none\"><figure class=\"wp-block-uagb-image__figure\"><img decoding=\"async\" srcset=\"https:\/\/infinityprestige-trade.com\/wp-content\/uploads\/2026\/04\/pexels-photo-4963447.jpeg ,https:\/\/infinityprestige-trade.com\/wp-content\/uploads\/2026\/04\/pexels-photo-4963447.jpeg 780w, https:\/\/infinityprestige-trade.com\/wp-content\/uploads\/2026\/04\/pexels-photo-4963447.jpeg 360w\" sizes=\"auto, (max-width: 480px) 150px\" src=\"https:\/\/infinityprestige-trade.com\/wp-content\/uploads\/2026\/04\/pexels-photo-4963447.jpeg\" alt=\"Two professionals in formal attire discuss documents outdoors, showcasing confidence and partnership.\" class=\"uag-image-12\" width=\"600\" height=\"400\" title=\"services-02\" loading=\"lazy\" role=\"img\"\/><\/figure><\/div>\n\n\n\n<div class=\"wp-block-uagb-container uagb-block-06f958a5\">\n<div class=\"wp-block-uagb-info-box uagb-block-eda0d834 uagb-infobox__content-wrap  uagb-infobox-icon-above-title uagb-infobox-image-valign-top\"><div class=\"uagb-ifb-content\"><div class=\"uagb-ifb-title-wrap\"><span class=\"uagb-ifb-title-prefix\">02.<\/span><h2 class=\"uagb-ifb-title\">Product Sourcing<\/h2><\/div><p class=\"uagb-ifb-desc\">Notre service de sourcing de produits se concentre sur la recherche des meilleurs fournisseurs en Europe. Nous \u00e9valuons la qualit\u00e9, les co\u00fbts et les d\u00e9lais pour vous garantir des produits adapt\u00e9s \u00e0 vos exigences, tout en assurant une conformit\u00e9 avec les r\u00e9glementations en vigueur.<\/p><\/div><\/div>\n<\/div>\n<\/div>\n\n\n\n<div class=\"wp-block-uagb-container uagb-layout-grid uagb-block-13bfb87f\">\n<div class=\"wp-block-uagb-container uagb-block-698e6038\">\n<div class=\"wp-block-uagb-info-box uagb-block-54640af0 uagb-infobox__content-wrap  uagb-infobox-icon-above-title uagb-infobox-image-valign-top\"><div class=\"uagb-ifb-content\"><div class=\"uagb-ifb-title-wrap\"><span class=\"uagb-ifb-title-prefix\">03.<\/span><h2 class=\"uagb-ifb-title\">Compliance Management<\/h2><\/div><p class=\"uagb-ifb-desc\">Nous vous aidons \u00e0 naviguer dans les complexit\u00e9s r\u00e9glementaires internationales. Notre \u00e9quipe exp\u00e9riment\u00e9e veille \u00e0 ce que vos transactions respectent toutes les lois commerciales, minimisant ainsi les risques et garantissant la l\u00e9galit\u00e9 de vos op\u00e9rations commerciales entre l&rsquo;Europe et la Russie.<\/p><\/div><\/div>\n<\/div>\n\n\n\n<div class=\"wp-block-uagb-image uagb-block-945a1bf4 wp-block-uagb-image--layout-default wp-block-uagb-image--effect-static wp-block-uagb-image--align-none\"><figure class=\"wp-block-uagb-image__figure\"><img decoding=\"async\" srcset=\"https:\/\/infinityprestige-trade.com\/wp-content\/uploads\/2026\/04\/pexels-photo-4963366.jpeg ,https:\/\/infinityprestige-trade.com\/wp-content\/uploads\/2026\/04\/pexels-photo-4963366.jpeg 780w, https:\/\/infinityprestige-trade.com\/wp-content\/uploads\/2026\/04\/pexels-photo-4963366.jpeg 360w\" sizes=\"auto, (max-width: 480px) 150px\" src=\"https:\/\/infinityprestige-trade.com\/wp-content\/uploads\/2026\/04\/pexels-photo-4963366.jpeg\" alt=\"Two business professionals shaking hands outside a corporate building, symbolizing successful cooperation.\" class=\"uag-image-13\" width=\"600\" height=\"400\" title=\"services-03\" loading=\"lazy\" role=\"img\"\/><\/figure><\/div>\n<\/div>\n\n\n\n<div class=\"wp-block-uagb-container uagb-layout-grid uagb-block-98083caf\">\n<div class=\"wp-block-uagb-image uagb-block-8b2a76cc wp-block-uagb-image--layout-default wp-block-uagb-image--effect-static wp-block-uagb-image--align-none\"><figure class=\"wp-block-uagb-image__figure\"><img decoding=\"async\" srcset=\"https:\/\/infinityprestige-trade.com\/wp-content\/uploads\/2026\/04\/pexels-photo-5520284.jpeg ,https:\/\/infinityprestige-trade.com\/wp-content\/uploads\/2026\/04\/pexels-photo-5520284.jpeg 780w, https:\/\/infinityprestige-trade.com\/wp-content\/uploads\/2026\/04\/pexels-photo-5520284.jpeg 360w\" sizes=\"auto, (max-width: 480px) 150px\" src=\"https:\/\/infinityprestige-trade.com\/wp-content\/uploads\/2026\/04\/pexels-photo-5520284.jpeg\" alt=\"Two businessmen in a meeting discussing strategies with laptops and documents.\" class=\"uag-image-14\" width=\"600\" height=\"400\" title=\"services-04\" loading=\"lazy\" role=\"img\"\/><\/figure><\/div>\n\n\n\n<div class=\"wp-block-uagb-container uagb-block-9627d3ce\">\n<div class=\"wp-block-uagb-info-box uagb-block-d2e51d04 uagb-infobox__content-wrap  uagb-infobox-icon-above-title uagb-infobox-image-valign-top\"><div class=\"uagb-ifb-content\"><div class=\"uagb-ifb-title-wrap\"><span class=\"uagb-ifb-title-prefix\">04.<\/span><h2 class=\"uagb-ifb-title\">Accompagnement Logistique<\/h2><\/div><p class=\"uagb-ifb-desc\">Nous offrons un soutien logistique complet pour faciliter la cha\u00eene d&rsquo;approvisionnement. Notre \u00e9quipe g\u00e8re la planification, le transport et le stockage, garantissant que vos produits arrivent \u00e0 destination en temps voulu et en parfait \u00e9tat. Nous veillons \u00e0 l&rsquo;efficacit\u00e9 sup\u00e9rieure de vos op\u00e9rations logistiques.<\/p><\/div><\/div>\n<\/div>\n<\/div>\n<\/div><\/div>\n\n\n\n<div class=\"wp-block-uagb-container uagb-block-353480fd alignfull uagb-is-root-container\"><div class=\"uagb-container-inner-blocks-wrap\">\n<div class=\"wp-block-uagb-info-box uagb-block-289af9f9 uagb-infobox__content-wrap  uagb-infobox-icon-above-title uagb-infobox-image-valign-top\"><div class=\"uagb-ifb-content\"><div class=\"uagb-ifb-title-wrap\"><h2 class=\"uagb-ifb-title\">Ready to boost your international exchanges?<\/h2><\/div><p class=\"uagb-ifb-desc\">Contact us today to see how we can help you succeed.<\/p><div class=\"uagb-ifb-button-wrapper wp-block-button\"><a href=\"\/en\/contact\/\" class=\"uagb-infobox-cta-link wp-block-button__link\" target=\"_self\" rel=\"noopener noreferrer\" onclick=\"return true;\" alt=\"\"><span class=\"uagb-inline-editing\">Contact us<\/span><\/a><\/div><\/div><\/div>\n<\/div><\/div>","protected":false},"excerpt":{"rendered":"<p>Nos Services Solutions d&rsquo;interm\u00e9diation commerciale B2B<\/p>","protected":false},"author":1,"featured_media":0,"parent":0,"menu_order":0,"comment_status":"closed","ping_status":"closed","template":"","meta":{"_uag_custom_page_level_css":"","site-sidebar-layout":"default","site-content-layout":"","ast-site-content-layout":"default","site-content-style":"default","site-sidebar-style":"default","ast-global-header-display":"","ast-banner-title-visibility":"","ast-main-header-display":"","ast-hfb-above-header-display":"","ast-hfb-below-header-display":"","ast-hfb-mobile-header-display":"","site-post-title":"disabled","ast-breadcrumbs-content":"","ast-featured-img":"","footer-sml-layout":"","ast-disable-related-posts":"","theme-transparent-header-meta":"","adv-header-id-meta":"","stick-header-meta":"","header-above-stick-meta":"","header-main-stick-meta":"","header-below-stick-meta":"","astra-migrate-meta-layouts":"default","ast-page-background-enabled":"default","ast-page-background-meta":{"desktop":{"background-color":"var(--ast-global-color-4)","background-image":"","background-repeat":"repeat","background-position":"center center","background-size":"auto","background-attachment":"scroll","background-type":"","background-media":"","overlay-type":"","overlay-color":"","overlay-opacity":"","overlay-gradient":""},"tablet":{"background-color":"","background-image":"","background-repeat":"repeat","background-position":"center center","background-size":"auto","background-attachment":"scroll","background-type":"","background-media":"","overlay-type":"","overlay-color":"","overlay-opacity":"","overlay-gradient":""},"mobile":{"background-color":"","background-image":"","background-repeat":"repeat","background-position":"center center","background-size":"auto","background-attachment":"scroll","background-type":"","background-media":"","overlay-type":"","overlay-color":"","overlay-opacity":"","overlay-gradient":""}},"ast-content-background-meta":{"desktop":{"background-color":"var(--ast-global-color-5)","background-image":"","background-repeat":"repeat","background-position":"center center","background-size":"auto","background-attachment":"scroll","background-type":"","background-media":"","overlay-type":"","overlay-color":"","overlay-opacity":"","overlay-gradient":""},"tablet":{"background-color":"var(--ast-global-color-5)","background-image":"","background-repeat":"repeat","background-position":"center center","background-size":"auto","background-attachment":"scroll","background-type":"","background-media":"","overlay-type":"","overlay-color":"","overlay-opacity":"","overlay-gradient":""},"mobile":{"background-color":"var(--ast-global-color-5)","background-image":"","background-repeat":"repeat","background-position":"center center","background-size":"auto","background-attachment":"scroll","background-type":"","background-media":"","overlay-type":"","overlay-color":"","overlay-opacity":"","overlay-gradient":""}},"footnotes":""},"class_list":["post-252","page","type-page","status-publish","hentry"],"uagb_featured_image_src":{"full":false,"thumbnail":false,"medium":false,"medium_large":false,"large":false,"1536x1536":false,"2048x2048":false,"trp-custom-language-flag":false},"uagb_author_info":{"display_name":"admin","author_link":"https:\/\/infinityprestige-trade.com\/en\/author\/admin\/"},"uagb_comment_info":0,"uagb_excerpt":"Nos Services Solutions d&rsquo;interm\u00e9diation commerciale B2B","_links":{"self":[{"href":"https:\/\/infinityprestige-trade.com\/en\/wp-json\/wp\/v2\/pages\/252","targetHints":{"allow":["GET"]}}],"collection":[{"href":"https:\/\/infinityprestige-trade.com\/en\/wp-json\/wp\/v2\/pages"}],"about":[{"href":"https:\/\/infinityprestige-trade.com\/en\/wp-json\/wp\/v2\/types\/page"}],"author":[{"embeddable":true,"href":"https:\/\/infinityprestige-trade.com\/en\/wp-json\/wp\/v2\/users\/1"}],"replies":[{"embeddable":true,"href":"https:\/\/infinityprestige-trade.com\/en\/wp-json\/wp\/v2\/comments?post=252"}],"version-history":[{"count":3,"href":"https:\/\/infinityprestige-trade.com\/en\/wp-json\/wp\/v2\/pages\/252\/revisions"}],"predecessor-version":[{"id":292,"href":"https:\/\/infinityprestige-trade.com\/en\/wp-json\/wp\/v2\/pages\/252\/revisions\/292"}],"wp:attachment":[{"href":"https:\/\/infinityprestige-trade.com\/en\/wp-json\/wp\/v2\/media?parent=252"}],"curies":[{"name":"wp","href":"https:\/\/api.w.org\/{rel}","templated":true}]}}