{"id":251,"date":"2026-04-16T19:02:44","date_gmt":"2026-04-16T19:02:44","guid":{"rendered":"https:\/\/infinityprestige-trade.com\/about\/"},"modified":"2026-04-16T19:03:20","modified_gmt":"2026-04-16T19:03:20","slug":"about","status":"publish","type":"page","link":"https:\/\/infinityprestige-trade.com\/en\/about\/","title":{"rendered":"About"},"content":{"rendered":"<div class=\"wp-block-uagb-container uagb-block-e5972208 alignfull uagb-is-root-container\"><div class=\"uagb-container-inner-blocks-wrap\">\n<div class=\"wp-block-uagb-advanced-heading uagb-block-b371cc12\"><p class=\"uagb-desc-text\">About<\/p><h1 class=\"uagb-heading-text\">Votre partenaire strat\u00e9gique pour le commerce international<\/h1><\/div>\n<\/div><\/div>\n\n\n\n<div class=\"wp-block-uagb-container uagb-block-28fa86dc alignfull uagb-is-root-container\"><div class=\"uagb-container-inner-blocks-wrap\">\n<div class=\"wp-block-uagb-container uagb-block-18062607\">\n<div class=\"wp-block-uagb-image uagb-block-0be442bf wp-block-uagb-image--layout-default wp-block-uagb-image--effect-static wp-block-uagb-image--align-none\"><figure class=\"wp-block-uagb-image__figure\"><img decoding=\"async\" srcset=\"https:\/\/infinityprestige-trade.com\/wp-content\/uploads\/2026\/04\/pexels-photo-8428091.jpeg ,https:\/\/infinityprestige-trade.com\/wp-content\/uploads\/2026\/04\/pexels-photo-8428091.jpeg 780w, https:\/\/infinityprestige-trade.com\/wp-content\/uploads\/2026\/04\/pexels-photo-8428091.jpeg 360w\" sizes=\"auto, (max-width: 480px) 150px\" src=\"https:\/\/infinityprestige-trade.com\/wp-content\/uploads\/2026\/04\/pexels-photo-8428091.jpeg\" alt=\"Professional men engaging in teamwork with a digital tablet in a modern office environment.\" class=\"uag-image-15\" width=\"560\" height=\"500\" title=\"About Us\" loading=\"lazy\" role=\"img\"\/><\/figure><\/div>\n\n\n\n<div class=\"wp-block-uagb-container uagb-block-ea15cb0a\">\n<div class=\"wp-block-uagb-container uagb-block-bc8fb7c9\">\n<div class=\"wp-block-uagb-counter uagb-block-d1f2f60b wp-block-uagb-counter--number\"><div class=\"wp-block-uagb-counter__number\"><span class=\"uagb-counter-block-number\" data-duration=\"1.5\" data-to-value=\"15\" data-from-value=\"0\" data-delimiter=\",\"><\/span><span class=\"uagb-counter-block-suffix\">+<\/span><\/div><div class=\"wp-block-uagb-counter__title\">Ann\u00e9es d&rsquo;exp\u00e9rience<\/div><\/div>\n<\/div>\n\n\n\n<div class=\"wp-block-uagb-container uagb-block-733a60e1\">\n<div class=\"wp-block-uagb-counter uagb-block-6c75e0ad wp-block-uagb-counter--number\"><div class=\"wp-block-uagb-counter__number\"><span class=\"uagb-counter-block-number\" data-duration=\"1.5\" data-to-value=\"20\" data-from-value=\"0\" data-delimiter=\",\"><\/span><span class=\"uagb-counter-block-suffix\">+<\/span><\/div><div class=\"wp-block-uagb-counter__title\">Membres de l&rsquo;\u00e9quipe<\/div><\/div>\n<\/div>\n\n\n\n<div class=\"wp-block-uagb-container uagb-block-9b243be6\">\n<div class=\"wp-block-uagb-counter uagb-block-dd716b88 wp-block-uagb-counter--number\"><div class=\"wp-block-uagb-counter__number\"><span class=\"uagb-counter-block-number\" data-duration=\"1.5\" data-to-value=\"98\" data-from-value=\"0\" data-delimiter=\",\"><\/span><span class=\"uagb-counter-block-suffix\">%<\/span><\/div><div class=\"wp-block-uagb-counter__title\">Client satisfait<\/div><\/div>\n<\/div>\n\n\n\n<div class=\"wp-block-uagb-container uagb-block-92d8df2f\">\n<div class=\"wp-block-uagb-counter uagb-block-d9cb5f03 wp-block-uagb-counter--number\"><div class=\"wp-block-uagb-counter__number\"><span class=\"uagb-counter-block-number\" data-duration=\"1.5\" data-to-value=\"5\" data-from-value=\"0\" data-delimiter=\",\"><\/span><span class=\"uagb-counter-block-suffix\">+<\/span><\/div><div class=\"wp-block-uagb-counter__title\">R\u00e9compenses gagn\u00e9es<\/div><\/div>\n<\/div>\n<\/div>\n<\/div>\n\n\n\n<div class=\"wp-block-uagb-container uagb-block-7f0c016a\">\n<div class=\"wp-block-uagb-advanced-heading uagb-block-8a54fc41\"><p class=\"uagb-desc-text\">Qui nous sommes<\/p><h2 class=\"uagb-heading-text\">D\u00e9couvrez Infinity Prestige Trade et notre expertise en interm\u00e9diation commerciale<\/h2><\/div>\n\n\n\n<div class=\"wp-block-uagb-advanced-heading uagb-block-a33c8efa\"><p class=\"uagb-heading-text\">Infinity Prestige Trade a aid\u00e9 de nombreuses entreprises \u00e0 \u00e9tablir des connexions fructueuses, augmentant ainsi leur visibilit\u00e9 sur les march\u00e9s europ\u00e9ens et russes gr\u00e2ce \u00e0 notre r\u00e9seau et notre expertise.<\/p><p class=\"uagb-desc-text\">Depuis sa cr\u00e9ation, Infinity Prestige Trade a permis \u00e0 ses clients de r\u00e9aliser d&rsquo;importantes \u00e9conomies de co\u00fbts et d&rsquo;optimiser leurs cha\u00eenes d&rsquo;approvisionnement. Gr\u00e2ce \u00e0 notre approche bas\u00e9e sur la confiance et la transparence, nos partenaires ont acc\u00e9d\u00e9 \u00e0 de nouveaux march\u00e9s, renfor\u00e7ant ainsi leur comp\u00e9titivit\u00e9 et leur croissance.<\/p><\/div>\n\n\n\n<div class=\"wp-block-uagb-image uagb-block-2cef716a wp-block-uagb-image--layout-default wp-block-uagb-image--effect-static wp-block-uagb-image--align-none\"><figure class=\"wp-block-uagb-image__figure\"><img decoding=\"async\" srcset=\"https:\/\/infinityprestige-trade.com\/wp-content\/uploads\/2026\/04\/pexels-photo-8428059.jpeg ,https:\/\/infinityprestige-trade.com\/wp-content\/uploads\/2026\/04\/pexels-photo-8428059.jpeg 780w, https:\/\/infinityprestige-trade.com\/wp-content\/uploads\/2026\/04\/pexels-photo-8428059.jpeg 360w\" sizes=\"auto, (max-width: 480px) 150px\" src=\"https:\/\/infinityprestige-trade.com\/wp-content\/uploads\/2026\/04\/pexels-photo-8428059.jpeg\" alt=\"Two businessmen in formal suits shaking hands across a table in an office setting.\" class=\"uag-image-16\" width=\"560\" height=\"300\" title=\"who-we-are\" loading=\"lazy\" role=\"img\"\/><\/figure><\/div>\n<\/div>\n<\/div><\/div>\n\n\n\n<div class=\"wp-block-uagb-container uagb-layout-grid uagb-block-b73b02d3 alignfull uagb-is-root-container\"><div class=\"uagb-container-inner-blocks-wrap\">\n<div class=\"wp-block-uagb-container uagb-block-68004fa2\">\n<div class=\"wp-block-uagb-info-box uagb-block-777883ce uagb-infobox__content-wrap  uagb-infobox-icon-above-title uagb-infobox-image-valign-top\"><div class=\"uagb-ifb-content\"><div class=\"uagb-ifb-title-wrap\"><p class=\"uagb-ifb-title-prefix\">Notre parcours<\/p><h2 class=\"uagb-ifb-title\">L&rsquo;\u00e9volution d&rsquo;Infinity Prestige Trade<\/h2><\/div><p class=\"uagb-ifb-desc\">Fond\u00e9e \u00e0 Casablanca, Infinity Prestige Trade a rapidement \u00e9volu\u00e9 pour devenir un acteur cl\u00e9 dans l&rsquo;interm\u00e9diation commerciale B2B. Avec un engagement envers l&rsquo;excellence et le soutien \u00e0 nos clients, nous avons d\u00e9velopp\u00e9 des relations solides entre l&rsquo;Europe, le Maroc et la Russie, contribuant \u00e0 des \u00e9changes commerciaux prosp\u00e8res.<\/p><\/div><\/div>\n<\/div>\n\n\n\n<div class=\"wp-block-uagb-image uagb-block-1c8aa24f wp-block-uagb-image--layout-default wp-block-uagb-image--effect-static wp-block-uagb-image--align-none\"><figure class=\"wp-block-uagb-image__figure\"><img decoding=\"async\" srcset=\"https:\/\/infinityprestige-trade.com\/wp-content\/uploads\/2026\/04\/pexels-photo-4963441.jpeg ,https:\/\/infinityprestige-trade.com\/wp-content\/uploads\/2026\/04\/pexels-photo-4963441.jpeg 780w, https:\/\/infinityprestige-trade.com\/wp-content\/uploads\/2026\/04\/pexels-photo-4963441.jpeg 360w\" sizes=\"auto, (max-width: 480px) 150px\" src=\"https:\/\/infinityprestige-trade.com\/wp-content\/uploads\/2026\/04\/pexels-photo-4963441.jpeg\" alt=\"Confident businessman in black suit smiling while shaking hands outdoors in a city.\" class=\"uag-image-17\" width=\"600\" height=\"500\" title=\"our-story\" loading=\"lazy\" role=\"img\"\/><\/figure><\/div>\n<\/div><\/div>\n\n\n\n<div class=\"wp-block-uagb-container uagb-block-1fa75ccb alignfull uagb-is-root-container\"><div class=\"uagb-container-inner-blocks-wrap\">\n<div class=\"wp-block-uagb-advanced-heading uagb-block-7b6eba87\"><p class=\"uagb-desc-text\">Notre \u00e9quipe<\/p><h2 class=\"uagb-heading-text\">Une \u00e9quipe d\u00e9di\u00e9e \u00e0 votre succ\u00e8s<\/h2><\/div>\n\n\n\n<div class=\"wp-block-uagb-container uagb-block-04137919\">\n<div class=\"wp-block-uagb-container uagb-block-084b022d\">\n<div class=\"wp-block-uagb-image aligncenter uagb-block-403c2f68 wp-block-uagb-image--layout-default wp-block-uagb-image--effect-static wp-block-uagb-image--align-center\"><figure class=\"wp-block-uagb-image__figure\"><img decoding=\"async\" srcset=\"https:\/\/infinityprestige-trade.com\/wp-content\/uploads\/2024\/05\/team-skip-01.jpg ,https:\/\/infinityprestige-trade.com\/wp-content\/uploads\/2024\/05\/team-skip-01.jpg 780w, https:\/\/infinityprestige-trade.com\/wp-content\/uploads\/2024\/05\/team-skip-01.jpg 360w\" sizes=\"auto, (max-width: 480px) 150px\" src=\"https:\/\/infinityprestige-trade.com\/wp-content\/uploads\/2024\/05\/team-skip-01.jpg\" alt=\"Team Skip 01\" class=\"uag-image-48\" width=\"270\" height=\"270\" title=\"team-skip-01\" loading=\"lazy\" role=\"img\"><\/figure><\/div>\n\n\n\n<div class=\"wp-block-uagb-advanced-heading uagb-block-58e05184\"><h3 class=\"uagb-heading-text\">William Baker<\/h3><\/div>\n<\/div>\n\n\n\n<div class=\"wp-block-uagb-container uagb-block-44e963c5\">\n<div class=\"wp-block-uagb-image aligncenter uagb-block-5a27e28d wp-block-uagb-image--layout-default wp-block-uagb-image--effect-static wp-block-uagb-image--align-center\"><figure class=\"wp-block-uagb-image__figure\"><img decoding=\"async\" srcset=\"https:\/\/infinityprestige-trade.com\/wp-content\/uploads\/2024\/05\/team-skip-02.jpg ,https:\/\/infinityprestige-trade.com\/wp-content\/uploads\/2024\/05\/team-skip-02.jpg 780w, https:\/\/infinityprestige-trade.com\/wp-content\/uploads\/2024\/05\/team-skip-02.jpg 360w\" sizes=\"auto, (max-width: 480px) 150px\" src=\"https:\/\/infinityprestige-trade.com\/wp-content\/uploads\/2024\/05\/team-skip-02.jpg\" alt=\"Team Skip 02\" class=\"uag-image-49\" width=\"270\" height=\"270\" title=\"team-skip-02\" loading=\"lazy\" role=\"img\"><\/figure><\/div>\n\n\n\n<div class=\"wp-block-uagb-advanced-heading uagb-block-853be4b4\"><h3 class=\"uagb-heading-text\">Oliver Evans<\/h3><\/div>\n<\/div>\n\n\n\n<div class=\"wp-block-uagb-container uagb-block-26984318\">\n<div class=\"wp-block-uagb-image aligncenter uagb-block-75afc079 wp-block-uagb-image--layout-default wp-block-uagb-image--effect-static wp-block-uagb-image--align-center\"><figure class=\"wp-block-uagb-image__figure\"><img decoding=\"async\" srcset=\"https:\/\/infinityprestige-trade.com\/wp-content\/uploads\/2024\/05\/team-skip-03.jpg ,https:\/\/infinityprestige-trade.com\/wp-content\/uploads\/2024\/05\/team-skip-03.jpg 780w, https:\/\/infinityprestige-trade.com\/wp-content\/uploads\/2024\/05\/team-skip-03.jpg 360w\" sizes=\"auto, (max-width: 480px) 150px\" src=\"https:\/\/infinityprestige-trade.com\/wp-content\/uploads\/2024\/05\/team-skip-03.jpg\" alt=\"Team Skip 03\" class=\"uag-image-50\" width=\"270\" height=\"270\" title=\"team-skip-03\" loading=\"lazy\" role=\"img\"><\/figure><\/div>\n\n\n\n<div class=\"wp-block-uagb-advanced-heading uagb-block-5c3f31ed\"><h3 class=\"uagb-heading-text\">Arthur Walker<\/h3><\/div>\n<\/div>\n\n\n\n<div class=\"wp-block-uagb-container uagb-block-a9e32928\">\n<div class=\"wp-block-uagb-image aligncenter uagb-block-ea94a255 wp-block-uagb-image--layout-default wp-block-uagb-image--effect-static wp-block-uagb-image--align-center\"><figure class=\"wp-block-uagb-image__figure\"><img decoding=\"async\" srcset=\"https:\/\/infinityprestige-trade.com\/wp-content\/uploads\/2024\/05\/team-skip-04.jpg ,https:\/\/infinityprestige-trade.com\/wp-content\/uploads\/2024\/05\/team-skip-04.jpg 780w, https:\/\/infinityprestige-trade.com\/wp-content\/uploads\/2024\/05\/team-skip-04.jpg 360w\" sizes=\"auto, (max-width: 480px) 150px\" src=\"https:\/\/infinityprestige-trade.com\/wp-content\/uploads\/2024\/05\/team-skip-04.jpg\" alt=\"Team Skip 04\" class=\"uag-image-51\" width=\"270\" height=\"270\" title=\"team-skip-04\" loading=\"lazy\" role=\"img\"><\/figure><\/div>\n\n\n\n<div class=\"wp-block-uagb-advanced-heading uagb-block-8f640a8c\"><h3 class=\"uagb-heading-text\">Alexander Roberts<\/h3><\/div>\n<\/div>\n<\/div>\n<\/div><\/div>\n\n\n\n<div class=\"wp-block-uagb-container uagb-block-353480fd alignfull uagb-is-root-container\"><div class=\"uagb-container-inner-blocks-wrap\">\n<div class=\"wp-block-uagb-info-box uagb-block-289af9f9 uagb-infobox__content-wrap  uagb-infobox-icon-above-title uagb-infobox-image-valign-top\"><div class=\"uagb-ifb-content\"><div class=\"uagb-ifb-title-wrap\"><h2 class=\"uagb-ifb-title\">Ready to boost your international exchanges?<\/h2><\/div><p class=\"uagb-ifb-desc\">Contact us today to see how we can help you succeed.<\/p><div class=\"uagb-ifb-button-wrapper wp-block-button\"><a href=\"\/en\/contact\/\" class=\"uagb-infobox-cta-link wp-block-button__link\" target=\"_self\" rel=\"noopener noreferrer\" onclick=\"return true;\" alt=\"\"><span class=\"uagb-inline-editing\">Contact us<\/span><\/a><\/div><\/div><\/div>\n<\/div><\/div>","protected":false},"excerpt":{"rendered":"<p>\u00c0 propos Votre partenaire strat\u00e9gique pour le commerce international Qui nous sommes D\u00e9couvrez Infinity Prestige Trade et notre expertise en [&hellip;]<\/p>\n","protected":false},"author":1,"featured_media":0,"parent":0,"menu_order":0,"comment_status":"closed","ping_status":"closed","template":"","meta":{"_uag_custom_page_level_css":"","site-sidebar-layout":"default","site-content-layout":"","ast-site-content-layout":"default","site-content-style":"default","site-sidebar-style":"default","ast-global-header-display":"","ast-banner-title-visibility":"","ast-main-header-display":"","ast-hfb-above-header-display":"","ast-hfb-below-header-display":"","ast-hfb-mobile-header-display":"","site-post-title":"disabled","ast-breadcrumbs-content":"","ast-featured-img":"","footer-sml-layout":"","ast-disable-related-posts":"","theme-transparent-header-meta":"","adv-header-id-meta":"","stick-header-meta":"","header-above-stick-meta":"","header-main-stick-meta":"","header-below-stick-meta":"","astra-migrate-meta-layouts":"default","ast-page-background-enabled":"default","ast-page-background-meta":{"desktop":{"background-color":"var(--ast-global-color-4)","background-image":"","background-repeat":"repeat","background-position":"center center","background-size":"auto","background-attachment":"scroll","background-type":"","background-media":"","overlay-type":"","overlay-color":"","overlay-opacity":"","overlay-gradient":""},"tablet":{"background-color":"","background-image":"","background-repeat":"repeat","background-position":"center center","background-size":"auto","background-attachment":"scroll","background-type":"","background-media":"","overlay-type":"","overlay-color":"","overlay-opacity":"","overlay-gradient":""},"mobile":{"background-color":"","background-image":"","background-repeat":"repeat","background-position":"center center","background-size":"auto","background-attachment":"scroll","background-type":"","background-media":"","overlay-type":"","overlay-color":"","overlay-opacity":"","overlay-gradient":""}},"ast-content-background-meta":{"desktop":{"background-color":"var(--ast-global-color-5)","background-image":"","background-repeat":"repeat","background-position":"center center","background-size":"auto","background-attachment":"scroll","background-type":"","background-media":"","overlay-type":"","overlay-color":"","overlay-opacity":"","overlay-gradient":""},"tablet":{"background-color":"var(--ast-global-color-5)","background-image":"","background-repeat":"repeat","background-position":"center center","background-size":"auto","background-attachment":"scroll","background-type":"","background-media":"","overlay-type":"","overlay-color":"","overlay-opacity":"","overlay-gradient":""},"mobile":{"background-color":"var(--ast-global-color-5)","background-image":"","background-repeat":"repeat","background-position":"center center","background-size":"auto","background-attachment":"scroll","background-type":"","background-media":"","overlay-type":"","overlay-color":"","overlay-opacity":"","overlay-gradient":""}},"footnotes":""},"class_list":["post-251","page","type-page","status-publish","hentry"],"uagb_featured_image_src":{"full":false,"thumbnail":false,"medium":false,"medium_large":false,"large":false,"1536x1536":false,"2048x2048":false,"trp-custom-language-flag":false},"uagb_author_info":{"display_name":"admin","author_link":"https:\/\/infinityprestige-trade.com\/en\/author\/admin\/"},"uagb_comment_info":0,"uagb_excerpt":"\u00c0 propos Votre partenaire strat\u00e9gique pour le commerce international Qui nous sommes D\u00e9couvrez Infinity Prestige Trade et notre expertise en [&hellip;]","_links":{"self":[{"href":"https:\/\/infinityprestige-trade.com\/en\/wp-json\/wp\/v2\/pages\/251","targetHints":{"allow":["GET"]}}],"collection":[{"href":"https:\/\/infinityprestige-trade.com\/en\/wp-json\/wp\/v2\/pages"}],"about":[{"href":"https:\/\/infinityprestige-trade.com\/en\/wp-json\/wp\/v2\/types\/page"}],"author":[{"embeddable":true,"href":"https:\/\/infinityprestige-trade.com\/en\/wp-json\/wp\/v2\/users\/1"}],"replies":[{"embeddable":true,"href":"https:\/\/infinityprestige-trade.com\/en\/wp-json\/wp\/v2\/comments?post=251"}],"version-history":[{"count":3,"href":"https:\/\/infinityprestige-trade.com\/en\/wp-json\/wp\/v2\/pages\/251\/revisions"}],"predecessor-version":[{"id":293,"href":"https:\/\/infinityprestige-trade.com\/en\/wp-json\/wp\/v2\/pages\/251\/revisions\/293"}],"wp:attachment":[{"href":"https:\/\/infinityprestige-trade.com\/en\/wp-json\/wp\/v2\/media?parent=251"}],"curies":[{"name":"wp","href":"https:\/\/api.w.org\/{rel}","templated":true}]}}